{"id":8855,"date":"2025-11-21T14:16:29","date_gmt":"2025-11-21T14:16:29","guid":{"rendered":"http:\/\/challengedelhalle.ovh\/?page_id=8855"},"modified":"2025-12-05T15:14:29","modified_gmt":"2025-12-05T15:14:29","slug":"histoire-du-challenge","status":"publish","type":"page","link":"https:\/\/challenge-delhalle.be\/index.php\/histoire-du-challenge\/","title":{"rendered":"Histoire du Challenge"},"content":{"rendered":"\t\t<div data-elementor-type=\"wp-page\" data-elementor-id=\"8855\" class=\"elementor elementor-8855\">\n\t\t\t\t<div class=\"elementor-element elementor-element-208e4dc e-flex e-con-boxed e-con e-parent\" data-id=\"208e4dc\" data-element_type=\"container\">\n\t\t\t\t\t<div class=\"e-con-inner\">\n\t\t\t\t<div class=\"elementor-element elementor-element-578b12f elementor-drop-cap-yes elementor-drop-cap-view-default elementor-widget elementor-widget-text-editor\" data-id=\"578b12f\" data-element_type=\"widget\" data-settings=\"{&quot;drop_cap&quot;:&quot;yes&quot;}\" data-widget_type=\"text-editor.default\">\n\t\t\t\t\t\t\t\t\t<div class=\"entry-header\"><h4>Histoire \u00ab litt\u00e9raire \u00bb du Challenge &#8230;<\/h4><\/div><div><p><strong>A LA MEMOIRE DE LEON DELHALLE<\/strong><\/p><p>L\u00e9on Delhalle, responsable de la rubrique sportive de \u201cLa Cit\u00e9\u201d d\u00e9c\u00e9d\u00e9 en 1981, aurait approuv\u00e9 et encourag\u00e9 l\u2019initiative de l\u2019Association des Courses Champ\u00eatres. Il \u00e9tait juste que le Challenge lui rendit hommage en portant son nom depuis sa cr\u00e9ation.<\/p><p>Durant l\u2019ann\u00e9e 1982, un groupe de 4 jeunes coureurs \u2013 issus majoritairement du mouvement Spiridon &#8211; : Pierre GAILLY, Michel LATINE, Paul TIMMERMANS, Paul WILMET et un journaliste de \u00ab La Cit\u00e9 \u00bb lui-m\u00eame coureur \u00e0 pied, Christian DE BAST, se sont rassembl\u00e9s pour promouvoir ensemble une certaine id\u00e9e de la course \u00e0 pied r\u00e9sum\u00e9e par une phrase <strong>\u00ab Des courses organis\u00e9es par des coureurs pour des coureurs \u00bb<\/strong>, et mettre ainsi sur pied le Challenge Delhalle \u2013 Troph\u00e9e des courses champ\u00eatres.<\/p><p>En 1983, le Challenge Delhalle prenait son envol avec 10 courses \u00e0 son programme, un envol r\u00e9ussi puisqu\u2019il en sera en 2025 \u00e0 sa quarante-deuxi\u00e8me \u00e9dition.<br \/>A l\u2019issue de cette premi\u00e8re ann\u00e9e 1983, un des 5 pionniers s\u2019exprimait en ces termes dans son journal \u00ab La Cit\u00e9 \u00bb : \u00ab Le Challenge est n\u00e9 de la volont\u00e9 de coureurs, eux-m\u00eames organisateurs, de prot\u00e9ger des \u00e9preuves de qualit\u00e9 qui tiennent compte en priorit\u00e9 du cadre et de l\u2019int\u00e9r\u00eat des participants. Il a permis de m\u00ealer dans une seule comp\u00e9tition \u00e9tal\u00e9e sur 6 mois des athl\u00e8tes venus d\u2019horizons tr\u00e8s diff\u00e9rents. Les uns pratiquent la course depuis leur enfance, les autres l\u2019ont d\u00e9couverte par la vogue qui a popularis\u00e9 le mot jogging et qui a surtout incit\u00e9 bon nombre d\u2019entre nous \u00e0 venir gonfler les rangs des \u00e9preuves de masse. Les nouveaux ont le sentiment d\u2019\u00eatre bien accueillis. L\u2019entreprise est souvent rude et chacun se sent acteur. Courir \u00ab pour la gagne \u00bb n\u2019exclut pas le plaisir qu\u2019on en retire ; courir pour le plaisir n\u2019exclut pas qu\u2019on puisse \u00eatre aiguillonn\u00e9 par l\u2019instinct de comp\u00e9tition\u2026 \u00bb<br \/>Il exprimait l\u2019essence m\u00eame du Challenge. Cet esprit n\u2019a pas chang\u00e9, il nous tient toujours tr\u00e8s \u00e0 c\u0153ur, \u00e0 nous les h\u00e9ritiers en charge de le faire vivre et de le perp\u00e9tuer.<\/p><p>La forme, elle, a \u00e9volu\u00e9 et \u00e9volue r\u00e9guli\u00e8rement. D\u00e9j\u00e0, \u00e0 l\u2019issue de la premi\u00e8re ann\u00e9e, les organisateurs, tirant les le\u00e7ons de leur premi\u00e8re exp\u00e9rience, apportaient une premi\u00e8re modification au syst\u00e8me d\u2019attribution des points.<br \/>Nous continuons cette pratique de remise en cause et d\u2019am\u00e9lioration du Challenge, en t\u00e9moigne la comparaison des crit\u00e8res de qualit\u00e9 1983 et les crit\u00e8res de qualit\u00e9 pour cette quarante deuxi\u00e8me ann\u00e9e.<\/p><p>La proc\u00e9dure d\u2019attribution des points a \u00e9t\u00e9 r\u00e9guli\u00e8rement affin\u00e9e pour minimiser les al\u00e9as de la course. Cette proc\u00e9dure complexe n\u2019a plus boug\u00e9 depuis 2003.<\/p><p>Les modifications ont \u00e9t\u00e9 op\u00e9r\u00e9es en mati\u00e8re de chronom\u00e9trage, nous avons \u00e9t\u00e9 les premiers \u00e0 utiliser la puce \u00e9lectronique que nous avons abandonn\u00e9 en 2012 pour l\u2019utilisation d\u2019un chip plus pr\u00e9cis. Le chip fait partie du dossard de l\u2019affili\u00e9 au Challenge Delhalle. Tous les affili\u00e9s au Challenge ou non affili\u00e9s seront donc porteurs de bandelettes \u00e9lectroniques int\u00e9gr\u00e9es au dossard. Ceci am\u00e9liorera \u00e0 la fois la proc\u00e9dure d\u2019inscription et l\u2019\u00e9tablissement des classements. Pour les classements, notre partenariat avec la soci\u00e9t\u00e9 Chronorace, devenue aujourd\u2019hui ACN est gage de qualit\u00e9 et de pr\u00e9cision. Depuis la saison 2024, ACN a notamment introduit le syst\u00e8me du \u00ab Live Timing \u00bb qui permet de suivre en temps r\u00e9el les arriv\u00e9es des diff\u00e9rentes courses directement sur votre smartphone.<\/p><p>Depuis 2024, le Challenge Delhalle, r\u00e9pondant \u00e0 la demande de nombreux participants, a aussi introduit la possibilit\u00e9 de se classer au Challenge en prenant part soit \u00e0 la course principale, support du Challenge Delhalle, soit \u00e0 une des autres courses annexes. Tout est r\u00e9uni pour que les comp\u00e9titeurs ou les accompagnants moins aguerris, puissent profiter de leur venue sur une de nos \u00e9preuves.<\/p><p>Ne jamais s\u2019endormir sur ses lauriers, se remettre sans cesse en question, am\u00e9liorer le concept pour r\u00e9pondre aux attentes des participants ! Telle \u00e9tait et telle reste notre devise sans jamais oublier la motivation de nos membres fondateurs : <strong>\u00ab Des courses organis\u00e9es par des coureurs pour des coureurs \u00bb<\/strong>.<\/p><\/div>\t\t\t\t\t\t\t\t<\/div>\n\t\t\t\t\t<\/div>\n\t\t\t\t<\/div>\n\t\t\t\t<\/div>\n\t\t","protected":false},"excerpt":{"rendered":"<p>Histoire \u00ab litt\u00e9raire \u00bb du Challenge &#8230; A LA MEMOIRE DE LEON DELHALLE L\u00e9on Delhalle, responsable de la rubrique sportive de \u201cLa Cit\u00e9\u201d d\u00e9c\u00e9d\u00e9 en 1981, aurait approuv\u00e9 et encourag\u00e9 l\u2019initiative de l\u2019Association des Courses Champ\u00eatres. Il \u00e9tait juste que le Challenge lui rendit hommage en portant son nom depuis sa cr\u00e9ation. Durant l\u2019ann\u00e9e 1982, [&hellip;]<\/p>\n","protected":false},"author":1,"featured_media":0,"parent":0,"menu_order":0,"comment_status":"closed","ping_status":"closed","template":"","meta":{"footnotes":""},"class_list":["post-8855","page","type-page","status-publish","hentry"],"_links":{"self":[{"href":"https:\/\/challenge-delhalle.be\/index.php\/wp-json\/wp\/v2\/pages\/8855","targetHints":{"allow":["GET"]}}],"collection":[{"href":"https:\/\/challenge-delhalle.be\/index.php\/wp-json\/wp\/v2\/pages"}],"about":[{"href":"https:\/\/challenge-delhalle.be\/index.php\/wp-json\/wp\/v2\/types\/page"}],"author":[{"embeddable":true,"href":"https:\/\/challenge-delhalle.be\/index.php\/wp-json\/wp\/v2\/users\/1"}],"replies":[{"embeddable":true,"href":"https:\/\/challenge-delhalle.be\/index.php\/wp-json\/wp\/v2\/comments?post=8855"}],"version-history":[{"count":12,"href":"https:\/\/challenge-delhalle.be\/index.php\/wp-json\/wp\/v2\/pages\/8855\/revisions"}],"predecessor-version":[{"id":9220,"href":"https:\/\/challenge-delhalle.be\/index.php\/wp-json\/wp\/v2\/pages\/8855\/revisions\/9220"}],"wp:attachment":[{"href":"https:\/\/challenge-delhalle.be\/index.php\/wp-json\/wp\/v2\/media?parent=8855"}],"curies":[{"name":"wp","href":"https:\/\/api.w.org\/{rel}","templated":true}]}}