{"id":8853,"date":"2025-11-21T14:17:09","date_gmt":"2025-11-21T14:17:09","guid":{"rendered":"http:\/\/challengedelhalle.ovh\/?page_id=8853"},"modified":"2025-12-07T14:54:47","modified_gmt":"2025-12-07T14:54:47","slug":"a-savoir","status":"publish","type":"page","link":"https:\/\/challenge-delhalle.be\/index.php\/a-savoir\/","title":{"rendered":"\u00e0 savoir"},"content":{"rendered":"\t\t<div data-elementor-type=\"wp-page\" data-elementor-id=\"8853\" class=\"elementor elementor-8853\">\n\t\t\t\t<div class=\"elementor-element elementor-element-208e4dc e-flex e-con-boxed e-con e-parent\" data-id=\"208e4dc\" data-element_type=\"container\">\n\t\t\t\t\t<div class=\"e-con-inner\">\n\t\t\t\t<div class=\"elementor-element elementor-element-578b12f elementor-widget elementor-widget-text-editor\" data-id=\"578b12f\" data-element_type=\"widget\" data-widget_type=\"text-editor.default\">\n\t\t\t\t\t\t\t\t\t<div class=\"entry-header\"><h3>Tout ce que vous avez toujours voulu savoir\u2026<\/h3><\/div><div><p><strong>1.<\/strong> A quoi me donne droit cette inscription au CHALLENGE DELHALLE ?<\/p><p>L\u2019inscription vous donne droit \u00e0 :<\/p><p>&#8211; un dossard unique \u00e0 porter toute la saison, et ce y compris en cas de participation \u00e0 une course annexe au calendrier officiel du Challenge Delhalle.<\/p><p>&#8211; \u00e0 condition que vous ayez couru au moins <strong>SIX<\/strong> \u00e9preuves, \u00e0 une r\u00e9compense de valeur en fin d\u2019ann\u00e9e.<\/p><p>&#8211; si vous en choisissez l\u2019option payante :<\/p><p>&#8211; \u00e0 recevoir les 4 num\u00e9ros de la revue Zatopek 2026 (+22\u20ac en version papier ou +14\u20ac en version digitale)<\/p><p>&#8211; vous trouverez le soir de l\u2019\u00e9preuve, le classement de celle-ci sur le site du challenge et le classement g\u00e9n\u00e9ral du Challenge le jeudi suivant l\u2019\u00e9preuve sur le site INTERNET du Challenge (www.challenge-delhalle.be)<\/p><p><strong>2.<\/strong> Si je suis inscrit au Challenge Delhalle 2026, est-ce que je dois encore m\u2019inscrire \u00e0 chaque course ? Est-ce que j\u2019ai droit \u00e0 au moins 6 courses gratuites ?<\/p><p>Malgr\u00e9 votre inscription au Challenge Delhalle 2026, vous devez imp\u00e9rativement vous inscrire \u00e0 chaque course et payer chaque inscription. Vous vous faciliterez (et nous faciliterez) la vie en vous pr\u00e9- inscrivant \u00e0 chaque course. Lors de chaque \u00e9preuve, les organisateurs de la course suivante seront pr\u00e9sents : il suffit de remplir un bulletin d\u2019inscription et de payer \u00e0 ce moment-l\u00e0&#8230;N\u2019oubliez pas de mentionner votre n\u00b0 de challenge ! Vous pouvez \u00e9galement vous inscrire par internet \u00e0 chaque course \u00e0 l\u2019adresse : www.challenge-delhalle.be. Depuis 2024, la r\u00e9duction de 1\u20ac qui \u00e9tait octroy\u00e9e aux coureurs Delhalle pr\u00e9inscrits n\u2019est plus d\u2019actualit\u00e9.<\/p><p><strong>3.<\/strong> Quid des courses pr\u00e9c\u00e9dentes si je m\u2019inscris au Challenge Delhalle en cours de saison ? Dans ce cas, seront prises en compte RETROACTIVEMENT uniquement la derni\u00e8re course courue, pr\u00e9c\u00e9dent l\u2019inscription au Challenge Delhalle et la course disput\u00e9e le jour de l\u2019inscription.<\/p><p><strong>4.<\/strong> Dois-je porter le dossard ?<\/p><p>Le dossard &#8211; sur lequel sont appos\u00e9es 2 bandes de chronom\u00e9trage &#8211; doit imp\u00e9rativement \u00eatre port\u00e9 visiblement sur la poitrine. Il ne peut \u00eatre pli\u00e9. Si ces 2 conditions ne sont pas remplies, vous risquez de ne pas figurer au classement de la course et aucune r\u00e9clamation ne sera prise en consid\u00e9ration.<\/p><p><strong>5.<\/strong> Site internet, Instagram, Strava et page Facebook du Challenge Delhalle:<\/p><p>http:\/\/www.challenge-delhalle.be, le site internet du Challenge Delhalle: vous y trouverez, d\u2019un simple clic, tous les renseignements sur le Challenge : la possibilit\u00e9 de vous inscrire au Challenge et aux courses en ligne, un descriptif et des photos de chaque course, avant et apr\u00e8s, et des liens vers les classements des courses et le classement g\u00e9n\u00e9ral<\/p><p><strong>6.<\/strong> TOUS LES RENSEIGNEMENTS<\/p><p>Peuvent \u00eatre obtenus aupr\u00e8s de la secr\u00e9taire de l\u2019association des courses champ\u00eatres asbl VANDERLINDEN Julie, Rue de la Chapelle, 5 \u00e0 7090 HENRIPONT GSM : 0477\/384758 Email : jvdl.delhalle@gmail.com.<\/p><p>De plus, celle-ci (ou un autre repr\u00e9sentant) sera pr\u00e9sent \u00e0 la table du Challenge Delhalle lors de chaque course pour r\u00e9soudre les \u00e9ventuels probl\u00e8mes.<\/p><p><strong>A LA MEMOIRE DE LEON DELHALLE<\/strong><\/p><p>L\u00e9on Delhalle, responsable de la rubrique sportive de \u00ab\u00a0La Cit\u00e9\u00a0\u00bb d\u00e9c\u00e9d\u00e9 en 1981, aurait approuv\u00e9 et encourag\u00e9 l\u2019initiative de l\u2019Association des Courses Champ\u00eatres. Il \u00e9tait juste que le Challenge lui rendit hommage en portant son nom depuis sa cr\u00e9ation.<\/p><\/div>\t\t\t\t\t\t\t\t<\/div>\n\t\t\t\t\t<\/div>\n\t\t\t\t<\/div>\n\t\t\t\t<\/div>\n\t\t","protected":false},"excerpt":{"rendered":"<p>Tout ce que vous avez toujours voulu savoir\u2026 1. A quoi me donne droit cette inscription au CHALLENGE DELHALLE ? L\u2019inscription vous donne droit \u00e0 : &#8211; un dossard unique \u00e0 porter toute la saison, et ce y compris en cas de participation \u00e0 une course annexe au calendrier officiel du Challenge Delhalle. &#8211; \u00e0 [&hellip;]<\/p>\n","protected":false},"author":1,"featured_media":0,"parent":0,"menu_order":0,"comment_status":"closed","ping_status":"closed","template":"","meta":{"footnotes":""},"class_list":["post-8853","page","type-page","status-publish","hentry"],"_links":{"self":[{"href":"https:\/\/challenge-delhalle.be\/index.php\/wp-json\/wp\/v2\/pages\/8853","targetHints":{"allow":["GET"]}}],"collection":[{"href":"https:\/\/challenge-delhalle.be\/index.php\/wp-json\/wp\/v2\/pages"}],"about":[{"href":"https:\/\/challenge-delhalle.be\/index.php\/wp-json\/wp\/v2\/types\/page"}],"author":[{"embeddable":true,"href":"https:\/\/challenge-delhalle.be\/index.php\/wp-json\/wp\/v2\/users\/1"}],"replies":[{"embeddable":true,"href":"https:\/\/challenge-delhalle.be\/index.php\/wp-json\/wp\/v2\/comments?post=8853"}],"version-history":[{"count":13,"href":"https:\/\/challenge-delhalle.be\/index.php\/wp-json\/wp\/v2\/pages\/8853\/revisions"}],"predecessor-version":[{"id":9283,"href":"https:\/\/challenge-delhalle.be\/index.php\/wp-json\/wp\/v2\/pages\/8853\/revisions\/9283"}],"wp:attachment":[{"href":"https:\/\/challenge-delhalle.be\/index.php\/wp-json\/wp\/v2\/media?parent=8853"}],"curies":[{"name":"wp","href":"https:\/\/api.w.org\/{rel}","templated":true}]}}