{"id":8851,"date":"2025-11-21T14:15:28","date_gmt":"2025-11-21T14:15:28","guid":{"rendered":"http:\/\/challengedelhalle.ovh\/?page_id=8851"},"modified":"2025-12-07T12:08:28","modified_gmt":"2025-12-07T12:08:28","slug":"organigramme","status":"publish","type":"page","link":"https:\/\/challenge-delhalle.be\/index.php\/organigramme\/","title":{"rendered":"Organigramme"},"content":{"rendered":"\t\t<div data-elementor-type=\"wp-page\" data-elementor-id=\"8851\" class=\"elementor elementor-8851\">\n\t\t\t\t<div class=\"elementor-element elementor-element-208e4dc e-flex e-con-boxed e-con e-parent\" data-id=\"208e4dc\" data-element_type=\"container\">\n\t\t\t\t\t<div class=\"e-con-inner\">\n\t\t\t\t<div class=\"elementor-element elementor-element-578b12f elementor-widget elementor-widget-text-editor\" data-id=\"578b12f\" data-element_type=\"widget\" data-widget_type=\"text-editor.default\">\n\t\t\t\t\t\t\t\t\t<h4><strong>PRESIDENT:<\/strong><\/h4><p>LOMBART\u00a0Fr\u00e9d\u00e9ric<\/p><p>rue Haute, 38 \u00e0 5030 SAUVENIERE<\/p><p>GSM: 0492\/851081 \u2013 e-mail: <span id=\"cloakee819a239de6ec241f76f74cfb5e59f3\"><a href=\"mailto:alain.antoine@gmail.com\">frederic.lombart@hotmail.com<\/a><\/span><\/p><h4><strong>VICE PRESIDENT:<\/strong><\/h4><p>DISWISCOURT Jos\u00e9<\/p><p>rue de Courtel, 4 \u00e0 6724 MARBEHAN<\/p><p>GSM: 0495\/271184 \u2013 e-mail: <span id=\"cloakfa14868714f2b679b37ab5fc64f3fbbb\"><a href=\"mailto:jose.diswiscourt@skynet.be\">jose.diswiscourt@skynet.be<\/a><\/span><\/p><h4><strong>SECRETAIRE:<\/strong><\/h4><p>VANDERLINDEN Julie<\/p><p>rue de la Chapelle, 5 \u00e0 7090 HENRIPONT<\/p><p>GSM: 0477\/384758\u00a0\u2013 e-mail:\u00a0<span id=\"cloakbccfb599f2cc9f8fc49f42fc975ce9d3\"><a href=\"mailto:patrice.pirson@skynet.be\">jvdl.delhalle@gmail.com<\/a><\/span><\/p><h4><strong>D\u00c9L\u00c9GU\u00c9 AUX COUREURS ET COUREUSES:<\/strong><\/h4><p>rue de Fleurus, 197 \u00e0 6200 CH\u00c2TELET<\/p><p>GSM: 0497\/738393 \u2013 e-mail: <span id=\"cloak6128670ff660046e2e3ad9dc6006e633\"><a href=\"rubinomichel@hotmail.com\">rubinomichel@hotmail.com<\/a><\/span><\/p><h4><strong>CHALLENGE LEON DELHALLE &#8211; TROPHEE DES COURSE CHAMP\u00caTRES asbl, en abr\u00e9g\u00e9 CHALLENGE DELHALLE asbl<\/strong><\/h4><p>n\u00b0 d&rsquo;entreprise : 443 378 288<\/p><p>rue Haute, 38 \u00e0 5030 SAUVENIERE<\/p><p>GSM: 0492\/851081e-mail: <a href=\"frederic.lombart@hotmail.com\">frederic.lombart@hotmail.com<\/a><\/p>\t\t\t\t\t\t\t\t<\/div>\n\t\t\t\t\t<\/div>\n\t\t\t\t<\/div>\n\t\t\t\t<\/div>\n\t\t","protected":false},"excerpt":{"rendered":"<p>PRESIDENT: LOMBART\u00a0Fr\u00e9d\u00e9ric rue Haute, 38 \u00e0 5030 SAUVENIERE GSM: 0492\/851081 \u2013 e-mail: frederic.lombart@hotmail.com VICE PRESIDENT: DISWISCOURT Jos\u00e9 rue de Courtel, 4 \u00e0 6724 MARBEHAN GSM: 0495\/271184 \u2013 e-mail: jose.diswiscourt@skynet.be SECRETAIRE: VANDERLINDEN Julie rue de la Chapelle, 5 \u00e0 7090 HENRIPONT GSM: 0477\/384758\u00a0\u2013 e-mail:\u00a0jvdl.delhalle@gmail.com D\u00c9L\u00c9GU\u00c9 AUX COUREURS ET COUREUSES: rue de Fleurus, 197 \u00e0 6200 CH\u00c2TELET [&hellip;]<\/p>\n","protected":false},"author":1,"featured_media":0,"parent":0,"menu_order":0,"comment_status":"closed","ping_status":"closed","template":"","meta":{"footnotes":""},"class_list":["post-8851","page","type-page","status-publish","hentry"],"_links":{"self":[{"href":"https:\/\/challenge-delhalle.be\/index.php\/wp-json\/wp\/v2\/pages\/8851","targetHints":{"allow":["GET"]}}],"collection":[{"href":"https:\/\/challenge-delhalle.be\/index.php\/wp-json\/wp\/v2\/pages"}],"about":[{"href":"https:\/\/challenge-delhalle.be\/index.php\/wp-json\/wp\/v2\/types\/page"}],"author":[{"embeddable":true,"href":"https:\/\/challenge-delhalle.be\/index.php\/wp-json\/wp\/v2\/users\/1"}],"replies":[{"embeddable":true,"href":"https:\/\/challenge-delhalle.be\/index.php\/wp-json\/wp\/v2\/comments?post=8851"}],"version-history":[{"count":12,"href":"https:\/\/challenge-delhalle.be\/index.php\/wp-json\/wp\/v2\/pages\/8851\/revisions"}],"predecessor-version":[{"id":9275,"href":"https:\/\/challenge-delhalle.be\/index.php\/wp-json\/wp\/v2\/pages\/8851\/revisions\/9275"}],"wp:attachment":[{"href":"https:\/\/challenge-delhalle.be\/index.php\/wp-json\/wp\/v2\/media?parent=8851"}],"curies":[{"name":"wp","href":"https:\/\/api.w.org\/{rel}","templated":true}]}}