{"id":8849,"date":"2025-11-21T14:15:43","date_gmt":"2025-11-21T14:15:43","guid":{"rendered":"http:\/\/challengedelhalle.ovh\/?page_id=8849"},"modified":"2025-12-07T15:02:26","modified_gmt":"2025-12-07T15:02:26","slug":"reglement-general","status":"publish","type":"page","link":"https:\/\/challenge-delhalle.be\/index.php\/reglement-general\/","title":{"rendered":"R\u00e8glement g\u00e9n\u00e9ral"},"content":{"rendered":"\t\t<div data-elementor-type=\"wp-page\" data-elementor-id=\"8849\" class=\"elementor elementor-8849\">\n\t\t\t\t<div class=\"elementor-element elementor-element-208e4dc e-flex e-con-boxed e-con e-parent\" data-id=\"208e4dc\" data-element_type=\"container\">\n\t\t\t\t\t<div class=\"e-con-inner\">\n\t\t\t\t<div class=\"elementor-element elementor-element-578b12f elementor-widget elementor-widget-text-editor\" data-id=\"578b12f\" data-element_type=\"widget\" data-widget_type=\"text-editor.default\">\n\t\t\t\t\t\t\t\t\t<div class=\"entry-header\"><h2><strong>1<\/strong>.<\/h2><\/div><div><p>a. Le Challenge est ouvert \u00e0 toutes et \u00e0 tous, affili\u00e9s ou non-affili\u00e9s. La participation au classement final du Challenge est payante. Le montant de la participation est fix\u00e9 \u00e0 20\u20ac. Ce montant peut \u00eatre revu chaque ann\u00e9e.<\/p><p>b. En cas d\u2019inscription au Challenge en cours de saison, seront prises en compte une course courue pr\u00e9c\u00e9dant l\u2019inscription et la course disput\u00e9e le jour de l\u2019inscription. Les inscriptions au Challenge ne seront prises qu\u2019\u00e0 l\u2019issue de l\u2019\u00e9preuve.<\/p><p>c. En cas de force majeure, de catastrophe naturelle ou de toute autre circonstance mettant en danger la s\u00e9curit\u00e9 des concurrents ou rendant l\u2019organisation impossible, les organisateurs se r\u00e9servent le droit d\u2019annuler l\u2019\u00e9preuve sans que les concurrents puissent pr\u00e9tendre \u00e0 un quelconque d\u00e9dommagement. Les pr\u00e9-inscrits seront rembours\u00e9s.<\/p><h2>2.<\/h2><p>a. Pour \u00eatre repris au classement g\u00e9n\u00e9ral final du Challenge, entreront en ligne de compte, les 6 meilleurs r\u00e9sultats enregistr\u00e9s dans les courses inscrites au calendrier du Challenge. Les courses annexes compteront pour une participation, mais n\u2019attribueront aucun point hormis ceux du bonus kilom\u00e9trique. A partir de 2026, le coureur souhaitant s\u2019aligner sur une des distances annexe d\u2019une \u00e9preuve, devra le stipuler avant la course. Ceci se fera soit par sa pr\u00e9inscription ou son inscription du jour \u00e0 une de ces courses. Si un changement est souhait\u00e9 apr\u00e8s la pr\u00e9inscription, le coureur devra imp\u00e9rativement le signaler le jour de l\u2019\u00e9preuve, avant le d\u00e9part, \u00e0 la table du Challenge, qui se chargera d\u2019en informer le chronom\u00e9treur. \u26a0\ufe0f En cas de non-respect de cette proc\u00e9dure, la course ne pourra pas \u00eatre prise en compte dans le classement.<\/p><p>b. Les calculs des points seront \u00e9tablis au prorata de la place et du temps r\u00e9el suivant une formule d\u00e9termin\u00e9e. Le temps r\u00e9el n\u2019interviendra pas pour l\u2019ordre du classement de la course. Pour le classement g\u00e9n\u00e9ral, un bonus point correspondant au nombre de kilom\u00e8tres entiers de chaque course termin\u00e9e sera ajout\u00e9 au total des points. Ce bonus point sera doubl\u00e9 \u00e0 partir de la septi\u00e8me course termin\u00e9e par le coureur.<\/p><h2>3.<\/h2><p>a. 12 cat\u00e9gories ont \u00e9t\u00e9 retenues :<\/p><p>&#8211; Espoirs f\u00e9minins : n\u00e9es entre 07 et 10<\/p><p>&#8211; Dames : n\u00e9es entre 06 et 87<\/p><p>&#8211; A\u00een\u00e9es I : n\u00e9es entre 86 et 77<\/p><p>&#8211; A\u00een\u00e9es II : n\u00e9es entre 76 et 67<\/p><p>&#8211; A\u00een\u00e9es III : n\u00e9es entre 66 et 57<\/p><p>&#8211; A\u00een\u00e9es IV : n\u00e9es en 56 et avant<\/p><p>&#8211; Espoirs masculins : n\u00e9s entre 07 et 10<\/p><p>&#8211; Seniors : n\u00e9s entre 06 et 87<\/p><p>&#8211; V\u00e9t\u00e9rans I : n\u00e9s entre 86 et 77<\/p><p>&#8211; V\u00e9t\u00e9rans II : n\u00e9s entre 76 et 67<\/p><p>&#8211; V\u00e9t\u00e9rans III : n\u00e9s entre 66 et 57<\/p><p>&#8211; V\u00e9t\u00e9rans IV : n\u00e9s en 56 et avant<\/p><p>b. Chacun(e) court dans sa cat\u00e9gorie. Le port du dossard est obligatoire. Il doit \u00eatre port\u00e9 de mani\u00e8re visible sur la poitrine, il ne peut \u00eatre pli\u00e9 sous peine de ne pas \u00eatre repris au classement.<\/p><p>c. Les concurrents mineurs d\u2019\u00e2ge courent sous la responsabilit\u00e9 m\u00e9dicale de leurs parents ou tuteur.<\/p><h2>4.<\/h2><p>En fin de saison, tous les coureurs sont cordialement invit\u00e9s \u00e0 la remise des prix. Seront sp\u00e9cialement r\u00e9compens\u00e9s, les premiers de chaque cat\u00e9gorie. Le nombre de r\u00e9compens\u00e9s par cat\u00e9gorie sera fonction du nombre de class\u00e9s par cat\u00e9gorie sur les 3 derni\u00e8res ann\u00e9es. En 2026 seront r\u00e9compens\u00e9s : les 6 premiers Seniors, les 8 premiers V\u00e9t\u00e9rans I, les 9 premiers V\u00e9t\u00e9rans II, les 9 premiers V\u00e9t\u00e9rans III, les 4 premi\u00e8res A\u00een\u00e9es I, les 6 premi\u00e8res A\u00een\u00e9es II et les 3 premiers des autres cat\u00e9gories. Ils devront \u00eatre personnellement pr\u00e9sents pour recevoir leur prix. Le Challenge Delhalle attribue aux f\u00e9minines un prix d\u2019une valeur \u00e9quivalente \u00e0 celui des hommes. Tous les coureurs class\u00e9s recevront un prix-souvenir. Les coureurs ayant particip\u00e9 \u00e0 toutes les courses Delhalle seront sp\u00e9cialement distingu\u00e9s. Deux distinctions : TOUT Delhalle : uniquement les courses du Challenge. Mix Delhalle + annexes : toutes les courses, incluant des annexes. Ce prix pourra \u00eatre retir\u00e9 par un mandataire en possession de leur invitation.<\/p><h2>5.<\/h2><p>A la remise des prix sera r\u00e9compens\u00e9 le club ligue ou club open qui comptera le plus grand nombre de points r\u00e9colt\u00e9s par tous ses coureurs class\u00e9s au challenge. L\u2019affiliation \u00e0 un club ou\/et \u00e0 une \u00e9quipe \u00ab open \u00bb est valid\u00e9e sans modification possible pour la dur\u00e9e du Challenge en cours par les informations port\u00e9es sur le formulaire d\u2019inscription au Challenge Delhalle de l\u2019ann\u00e9e en cours.<\/p><h2>6.<\/h2><p>Par son inscription au Challenge Delhalle ou \u00e0 une de ses \u00e9preuves, le coureur abandonne son droit \u00e0 l\u2019image, celle-ci ne pourra cependant \u00eatre utilis\u00e9e qu\u2019\u00e0 des fins de promotion du Challenge ou des \u00e9preuves qui le constituent. Sans pr\u00e9judice des mesures d\u2019ex\u00e9cution, qui doivent encore \u00eatre prises dans le cadre du \u00ab D\u00e9cret de la Communaut\u00e9 fran\u00e7aise relatif \u00e0 la pr\u00e9vention des risques pour la sant\u00e9 dans le sport \u00bb, il d\u00e9clare \u00e9galement une absence, dans son chef, de toute contre-indication m\u00e9dicale \u00e0 la pratique de la course \u00e0 pied en comp\u00e9tition.<\/p><h2>7.<\/h2><p>Toute tricherie av\u00e9r\u00e9e dans une course du Challenge sera p\u00e9nalis\u00e9e par l\u2019exclusion du Challenge pour l\u2019ann\u00e9e en cours. Il en sera de m\u00eame pour toute complicit\u00e9 de tricherie. De m\u00eame il sera proc\u00e9d\u00e9 \u00e0 la disqualification de l\u2019\u00e9preuve \u00e0 laquelle il participe de tout concurrent tirant un avantage d\u2019un v\u00e9hicule motoris\u00e9, un v\u00e9lo ou un VTT. Tout coureur accompagn\u00e9 par un chien ne pourra pr\u00e9tendre \u00e0 un prix ni avoir acc\u00e8s au podium lors d\u2019une remise de prix.<\/p><\/div>\t\t\t\t\t\t\t\t<\/div>\n\t\t\t\t\t<\/div>\n\t\t\t\t<\/div>\n\t\t\t\t<\/div>\n\t\t","protected":false},"excerpt":{"rendered":"<p>1. a. Le Challenge est ouvert \u00e0 toutes et \u00e0 tous, affili\u00e9s ou non-affili\u00e9s. La participation au classement final du Challenge est payante. Le montant de la participation est fix\u00e9 \u00e0 20\u20ac. Ce montant peut \u00eatre revu chaque ann\u00e9e. b. En cas d\u2019inscription au Challenge en cours de saison, seront prises en compte une course [&hellip;]<\/p>\n","protected":false},"author":1,"featured_media":0,"parent":0,"menu_order":0,"comment_status":"closed","ping_status":"closed","template":"","meta":{"footnotes":""},"class_list":["post-8849","page","type-page","status-publish","hentry"],"_links":{"self":[{"href":"https:\/\/challenge-delhalle.be\/index.php\/wp-json\/wp\/v2\/pages\/8849","targetHints":{"allow":["GET"]}}],"collection":[{"href":"https:\/\/challenge-delhalle.be\/index.php\/wp-json\/wp\/v2\/pages"}],"about":[{"href":"https:\/\/challenge-delhalle.be\/index.php\/wp-json\/wp\/v2\/types\/page"}],"author":[{"embeddable":true,"href":"https:\/\/challenge-delhalle.be\/index.php\/wp-json\/wp\/v2\/users\/1"}],"replies":[{"embeddable":true,"href":"https:\/\/challenge-delhalle.be\/index.php\/wp-json\/wp\/v2\/comments?post=8849"}],"version-history":[{"count":10,"href":"https:\/\/challenge-delhalle.be\/index.php\/wp-json\/wp\/v2\/pages\/8849\/revisions"}],"predecessor-version":[{"id":9286,"href":"https:\/\/challenge-delhalle.be\/index.php\/wp-json\/wp\/v2\/pages\/8849\/revisions\/9286"}],"wp:attachment":[{"href":"https:\/\/challenge-delhalle.be\/index.php\/wp-json\/wp\/v2\/media?parent=8849"}],"curies":[{"name":"wp","href":"https:\/\/api.w.org\/{rel}","templated":true}]}}