{"id":8847,"date":"2025-11-21T14:16:45","date_gmt":"2025-11-21T14:16:45","guid":{"rendered":"http:\/\/challengedelhalle.ovh\/?page_id=8847"},"modified":"2025-12-07T15:04:59","modified_gmt":"2025-12-07T15:04:59","slug":"criteres-de-qualite","status":"publish","type":"page","link":"https:\/\/challenge-delhalle.be\/index.php\/criteres-de-qualite\/","title":{"rendered":"Crit\u00e8res de qualit\u00e9"},"content":{"rendered":"\t\t<div data-elementor-type=\"wp-page\" data-elementor-id=\"8847\" class=\"elementor elementor-8847\">\n\t\t\t\t<div class=\"elementor-element elementor-element-208e4dc e-flex e-con-boxed e-con e-parent\" data-id=\"208e4dc\" data-element_type=\"container\">\n\t\t\t\t\t<div class=\"e-con-inner\">\n\t\t\t\t<div class=\"elementor-element elementor-element-578b12f elementor-widget elementor-widget-text-editor\" data-id=\"578b12f\" data-element_type=\"widget\" data-widget_type=\"text-editor.default\">\n\t\t\t\t\t\t\t\t\t<div class=\"entry-header\"><h2>Crit\u00e8res de qualit\u00e9<\/h2><\/div><div><p>1. Des courses organis\u00e9es par des coureurs, pour des coureurs.<\/p><p>2. Fl\u00e9chage des abords et du parcours impeccable ; parking ais\u00e9 ; facilit\u00e9 d\u2019acc\u00e8s au d\u00e9part.<\/p><p>3. Vestiaires corrects, munis de douches chaudes \u00e0 l\u2019arriv\u00e9e (dans un rayon de 500 m\u00e8tres maximum).<\/p><p>4. Sch\u00e9ma uniforme de secr\u00e9tariat. Chaque organisateur est en droit de cl\u00f4turer son secr\u00e9tariat 30 minutes avant l\u2019heure de d\u00e9part pr\u00e9vue. Les courses avec pr\u00e9inscription obligatoire doivent uniquement organiser la table de remise des dossards.<\/p><p>5. Cadre champ\u00eatre, vari\u00e9, a\u00e9r\u00e9 ; chemins campagnards ou forestiers, petites routes, parcours en une boucle (ou deux boucles au maximum pour des distances sup\u00e9rieures au semi-marathon) ou en ligne.<\/p><p>6. Mesurage le plus pr\u00e9cis possible du parcours.<\/p><p>7. Placement de panneaux indicateurs de tous les kilom\u00e8tres.<\/p><p>8. a. Ravitaillements : un poste tous les 5 km et \u00e0 l\u2019arriv\u00e9e.<\/p><p>8. b. Les ravitaillements comprendront au moins de l\u2019eau et de la nourriture Des ravitaillements suppl\u00e9mentaires en eau seront organis\u00e9s par temps chaud, et par temps froid, du th\u00e9 chaud sera pr\u00e9vu \u00e0 l\u2019arriv\u00e9e. En cette mati\u00e8re, les courses de marathon respecteront les r\u00e8glements de la World Athletics.<\/p><p>9. S\u00e9curit\u00e9 parfaite sur tout le parcours : police, signaleurs agr\u00e9\u00e9s ; ainsi qu\u2019un v\u00e9hicule d\u2019ouverture et de fermeture de l\u2019\u00e9preuve. La s\u00e9curit\u00e9 par signaleurs et v\u00e9hicule de fermeture sera garantie sur des bases d\u2019un temps de passage de 8\u201930\u2019\u2019\/ km, soit une moyenne de 7,05 km\/h. Au-del\u00e0, les participants peuvent continuer leur course en respectant le code de la route. L\u2019organisateur veillera autant que possible \u00e0 mettre un fl\u00e9chage efficace permettant aux coureurs attard\u00e9s de terminer leur course sans encombre. Leur r\u00e9sultat sera comptabilis\u00e9 pour les classements du Challenge Delhalle. Les coureurs en seront avertis par \u00e9crit avant leur inscription (folders, brochure, affiches, \u2026)<\/p><p>10. Assistance m\u00e9dicale assur\u00e9e pour tous les coureurs par un service m\u00e9dical avec pr\u00e9sence minimale de 3 ambulanciers brevet\u00e9s Aide M\u00e9dicale Urgente par le SPF Sant\u00e9 publique.<\/p><p>11. Chronom\u00e9trage de tous les arrivants et affichage des r\u00e9sultats dans le lieu servant de la remise des prix. Les classements seront affich\u00e9s au plus tard avant la remise des prix.<\/p><p>12.a. Le montant maximum de l\u2019inscription \u00e0 chaque course est laiss\u00e9 \u00e0 l\u2019appr\u00e9ciation de chaque organisation sachant que chacune d\u2019elles a ses sp\u00e9cificit\u00e9s et donc ses frais.<\/p><p>12. b. Inscriptions : une taxe de maximum 5\u20ac pourra \u00eatre pratiqu\u00e9e le jour m\u00eame. Cependant, les inscriptions tardives ne seront pas garanties en raison des imp\u00e9ratifs de chronom\u00e9trage et de classement par ordinateur. Pour des raisons techniques ou de s\u00e9curit\u00e9 justifi\u00e9es, un organisateur pourra limiter le nombre des inscriptions. Cette limitation ne pourra pas s\u2019appliquer au coureur inscrit au Challenge, \u00e0 condition qu\u2019il s\u2019inscrive \u00e0 la course dans les d\u00e9lais et crit\u00e8res sp\u00e9cifi\u00e9s par l\u2019organisateur.<\/p><p>13. Les prix seront partag\u00e9s \u00e9quitablement entre les class\u00e9s et le tirage au sort. Parmi les class\u00e9s, devront \u00eatre, au minimum r\u00e9compens\u00e9s, sans distinction de race ou de nationalit\u00e9, en esp\u00e8ces, les 5 premiers hommes et 5 premi\u00e8res femmes du classement scratch, ainsi que les 3 premiers de chaque cat\u00e9gorie qui recevront, entre coureurs du m\u00eame sexe, la m\u00eame r\u00e9compense, en esp\u00e8ces ou en nature de valeur \u00e9gale, sans toute autre forme discriminatoire de classement annexe.<\/p><p>Toutefois, les r\u00e9compenses pour les 2e et 3e des cat\u00e9gories sont facultatives et laiss\u00e9es \u00e0 l\u2019appr\u00e9ciation des organisateurs. Les r\u00e9compenses du classement scratch et du classement par cat\u00e9gorie seront cumul\u00e9es. La grille d\u00e9taill\u00e9e de tous les prix sera affich\u00e9e le jour de la course. L\u2019heure de d\u00e9but de la remise des prix sera affich\u00e9e dans la salle servant \u00e0 la remise des prix. Le tirage au sort devra d\u00e9buter au plus tard une heure apr\u00e8s l\u2019arriv\u00e9e du dernier concurrent, mais ne d\u00e9butera pas avant celle-ci.<\/p><p>14. Lieu d\u2019apr\u00e8s-course sympathique o\u00f9 les coureurs pourront discuter et se d\u00e9tendre \u00e0 l\u2019aise.<\/p><p>15. Publication des r\u00e9sultats de l\u2019\u00e9preuve sur internet.<\/p><p>16. Bonne humeur, respect des coureurs et de l\u2019environnement.<\/p><p>17. Une \u00e9valuation (d\u00e9briefing) du respect des crit\u00e8res de qualit\u00e9 par les courses sera r\u00e9alis\u00e9e, par le plus proche organe d\u2019administration. Les organisateurs devront \u00eatre pr\u00e9sents, faute de quoi il sera proc\u00e9d\u00e9 \u00e0 l\u2019\u00e9valuation, m\u00eame en leur absence. L\u2019\u00e9valuation portera, syst\u00e9matiquement et dans l\u2019ordre, sur le respect des \u00ab crit\u00e8res de qualit\u00e9 \u00bb et du \u00ab r\u00e8glement d\u2019ordre int\u00e9rieur \u00bb, impos\u00e9 par le Challenge Delhalle et donnera lieu, pour chaque crit\u00e8re, \u00e0 l\u2019attribution de feux vert, orange ou rouge. Un feu orange sanctionnera un manque mineur ou excusable. Tout manquement grave et tout manquement mineur r\u00e9current, d\u00e9j\u00e0 stigmatis\u00e9 lors d\u2019une pr\u00e9c\u00e9dente \u00e9valuation, donnera l\u2019attribution d\u2019un feu rouge. Faute de consensus, il sera proc\u00e9d\u00e9 \u00e0 un vote \u00e0 la majorit\u00e9 simple des pr\u00e9sents.<\/p><\/div>\t\t\t\t\t\t\t\t<\/div>\n\t\t\t\t\t<\/div>\n\t\t\t\t<\/div>\n\t\t\t\t<\/div>\n\t\t","protected":false},"excerpt":{"rendered":"<p>Crit\u00e8res de qualit\u00e9 1. Des courses organis\u00e9es par des coureurs, pour des coureurs. 2. Fl\u00e9chage des abords et du parcours impeccable ; parking ais\u00e9 ; facilit\u00e9 d\u2019acc\u00e8s au d\u00e9part. 3. Vestiaires corrects, munis de douches chaudes \u00e0 l\u2019arriv\u00e9e (dans un rayon de 500 m\u00e8tres maximum). 4. Sch\u00e9ma uniforme de secr\u00e9tariat. Chaque organisateur est en droit [&hellip;]<\/p>\n","protected":false},"author":1,"featured_media":0,"parent":0,"menu_order":0,"comment_status":"closed","ping_status":"closed","template":"","meta":{"footnotes":""},"class_list":["post-8847","page","type-page","status-publish","hentry"],"_links":{"self":[{"href":"https:\/\/challenge-delhalle.be\/index.php\/wp-json\/wp\/v2\/pages\/8847","targetHints":{"allow":["GET"]}}],"collection":[{"href":"https:\/\/challenge-delhalle.be\/index.php\/wp-json\/wp\/v2\/pages"}],"about":[{"href":"https:\/\/challenge-delhalle.be\/index.php\/wp-json\/wp\/v2\/types\/page"}],"author":[{"embeddable":true,"href":"https:\/\/challenge-delhalle.be\/index.php\/wp-json\/wp\/v2\/users\/1"}],"replies":[{"embeddable":true,"href":"https:\/\/challenge-delhalle.be\/index.php\/wp-json\/wp\/v2\/comments?post=8847"}],"version-history":[{"count":10,"href":"https:\/\/challenge-delhalle.be\/index.php\/wp-json\/wp\/v2\/pages\/8847\/revisions"}],"predecessor-version":[{"id":9289,"href":"https:\/\/challenge-delhalle.be\/index.php\/wp-json\/wp\/v2\/pages\/8847\/revisions\/9289"}],"wp:attachment":[{"href":"https:\/\/challenge-delhalle.be\/index.php\/wp-json\/wp\/v2\/media?parent=8847"}],"curies":[{"name":"wp","href":"https:\/\/api.w.org\/{rel}","templated":true}]}}