{"id":8842,"date":"2025-11-21T14:12:49","date_gmt":"2025-11-21T14:12:49","guid":{"rendered":"http:\/\/challengedelhalle.ovh\/?page_id=8842"},"modified":"2025-12-07T12:47:11","modified_gmt":"2025-12-07T12:47:11","slug":"palmares","status":"publish","type":"page","link":"https:\/\/challenge-delhalle.be\/index.php\/palmares\/","title":{"rendered":"Palmar\u00e8s"},"content":{"rendered":"\t\t<div data-elementor-type=\"wp-page\" data-elementor-id=\"8842\" class=\"elementor elementor-8842\">\n\t\t\t\t<div class=\"elementor-element elementor-element-208e4dc e-flex e-con-boxed e-con e-parent\" data-id=\"208e4dc\" data-element_type=\"container\">\n\t\t\t\t\t<div class=\"e-con-inner\">\n\t\t\t\t<div class=\"elementor-element elementor-element-578b12f elementor-widget elementor-widget-text-editor\" data-id=\"578b12f\" data-element_type=\"widget\" data-widget_type=\"text-editor.default\">\n\t\t\t\t\t\t\t\t\t<p><style><span data-mce-type=\"bookmark\" style=\"display: inline-block; width: 0px; overflow: hidden; line-height: 0;\" class=\"mce_SELRES_start\">\ufeff<\/span><br \/>\n  table.results {<br \/>    width: 100%;<br \/>    border-collapse: collapse;<br \/>    margin-bottom: 2rem;<br \/>  }<\/p>\n<p>  table.results th,<br \/>  table.results td {<br \/>    border: 1px solid #ccc;<br \/>    padding: 0.5rem;<br \/>    text-align: left;<br \/>    vertical-align: top;<br \/>  }<\/p>\n<p>  table.results th {<br \/>    back<span style=\"display: inline-block; width: 0px; overflow: hidden; line-height: 0;\" data-mce-type=\"bookmark\" class=\"mce_SELRES_start\">\ufeff<\/span>ground-color: #f0f0f0;<br \/>  }<\/p>\n<p>  .year-header {<br \/>    font-weight: bold;<br \/>    font-size: 1.2rem;<br \/>    padding: 0.5rem 0;<br \/>    text-align: center;<br \/>  }<br \/><\/style><\/p><table class=\"results\"><thead><tr><th class=\"year-header\" style=\"background-color: orange; color: white; padding: 12px; font-size: 1.1em; text-align: center;\" colspan=\"6\">2025 Challenge : Vainqueur Homme: PAUL Romain &#8211; Vainqueur Femme: DASSY H\u00e9l\u00e8ne<\/th><\/tr><tr><th>Seniors<\/th><th>V\u00e9t\u00e9rans 1<\/th><th>V\u00e9t\u00e9rans 2<\/th><th>V\u00e9t\u00e9rans 3<\/th><th>V\u00e9t\u00e9rans 4<\/th><th>Espoirs Hommes<\/th><\/tr><\/thead><tbody><tr><td>1. <strong>PAUL Romain<\/strong><br \/>2. LIBERT Damien<br \/>3. MARCHAL Gilles<\/td><td>1. DUJACQUIER Gr\u00e9gory<br \/>2. BONNIER Vincent<br \/>3. DUPUIS Laurent<\/td><td>1. VANDERBECK Yves<br \/>2. LOMBART Fr\u00e9d\u00e9ric<br \/>3. WASTIAUX Olivier<\/td><td>1. COVOLAN Sergio<br \/>2. HAINAUT Bruno<br \/>3. PACQUET Dominique<\/td><td>1. RICHARD Andr\u00e9<br \/>2. GIOVANNANGELO Alain<br \/>3. VAN NEVEL Frans<\/td><td><p>1. BAURAIND Mathys<\/p><p>2. ROLAND Emilien<\/p><\/td><\/tr><\/tbody><thead><tr><th>Dames<\/th><th>A\u00een\u00e9es 1<\/th><th>A\u00een\u00e9es 2<\/th><th>A\u00een\u00e9es 3<\/th><th>A\u00een\u00e9es 4<\/th><th>Espoirs Filles<\/th><\/tr><\/thead><tbody><tr><td>1. <strong>DASSY H\u00e9l\u00e8ne<\/strong><br \/>2. DUFOURNY Morgane<br \/>3. DESCHAMBRE Chlo\u00e9<\/td><td>1. DEBONI Malorie<br \/>2. CAWET Daphn\u00e9<br \/>3. VANDERLINDEN Julie<\/td><td>1. PIRSON Florence<br \/>2. MINGNEAU Christelle<br \/>3. LEROY Fabienne<\/td><td>1. MIDDEL Ine<br \/>2. DEMOULIN Brigitte<br \/>3. VAN LOOCK Monik<\/td><td>1. ALEXANDRE Fran\u00e7oise<br \/>2. DECAMP Martine<br \/>3. MARGUINIO Danielle<\/td><td><p>1. TYSEBAERT Maxence<\/p><p>2. ROLAND H\u00e9lo\u00efse<\/p><\/td><\/tr><\/tbody><\/table><p>\u00a0<\/p><table class=\"results\"><thead><tr><th class=\"year-header\" style=\"background-color: orange; color: white; padding: 12px; font-size: 1.1em; text-align: center;\" colspan=\"6\">2024 Challenge : Vainqueur Homme: PAUL Romain &#8211; Vainqueur Femme: MALLET Estelle<\/th><\/tr><tr><th>Seniors<\/th><th>V\u00e9t\u00e9rans 1<\/th><th>V\u00e9t\u00e9rans 2<\/th><th>V\u00e9t\u00e9rans 3<\/th><th>V\u00e9t\u00e9rans 4<\/th><th>Espoirs Hommes<\/th><\/tr><\/thead><tbody><tr><td>1. <strong>PAUL Romain<\/strong><br \/>2. LAMBIN Pierre<br \/>3. MARCHAL Gilles<\/td><td>1. MISERQUE Pascal<br \/>2. BONNIER Vincent<br \/>3. BLONDEAUX Yannick<\/td><td>1. PHILIPPE J\u00e9r\u00f4me<br \/>2. VANDERBECK Yves<br \/>3. CHENUT S\u00e9bastien<\/td><td>1. RICHARD Pierre<br \/>2. COVOLAN Sergio<br \/>3. WOOLF Alain<\/td><td>1. RICHARD Andr\u00e9<br \/>2. GIOVANNANGELO Alain<br \/>3. WYNS Jos<\/td><td>1. MESSAOUDI Rayan<\/td><\/tr><\/tbody><thead><tr><th>Dames<\/th><th>A\u00een\u00e9es 1<\/th><th>A\u00een\u00e9es 2<\/th><th>A\u00een\u00e9es 3<\/th><th>A\u00een\u00e9es 4<\/th><th>Espoirs Filles<\/th><\/tr><\/thead><tbody><tr><td>1. CLERAUX Charline<br \/>2. MONTANTE Sabrina<br \/>3. DE BRESSING Charlotte<\/td><td>1. <strong>MALLET Estelle<\/strong><br \/>2. CAWET Daphn\u00e9<br \/>3. PROVOOST Kathy<\/td><td>1. PIRSON Florence<br \/>2. HEIREMANS Katleen<br \/>3. PISCART Fran\u00e7oise<\/td><td>1. MIDDEL Ine<br \/>2. ALEXANDRE Fran\u00e7oise<br \/>3. CHABEAU Vinciane<\/td><td>1. DECAMP Martine<br \/>2. MARGUINIO Danielle<br \/>3. URBAIN Ginette<\/td><td>1. BLONDEAUX In\u00e8s<\/td><\/tr><\/tbody><\/table><p>\u00a0<\/p><table><tbody><tr><td style=\"background-color: orange; color: white; padding: 12px; font-size: 1.1em; text-align: center;\" colspan=\"6\"><strong>2023 Challenge Vainqueur homme : D&rsquo;HARVENG Nicolas &#8211; Vainqueur Femme : CAWET Daphn\u00e9<\/strong><\/td><\/tr><tr><td><strong>SENIORS<\/strong><\/td><td><strong>VETERANS 1<\/strong><\/td><td><strong>VETERANS 2<\/strong><\/td><td><strong>VETERANS 3<\/strong><\/td><td><strong>VETERANS 4<\/strong><\/td><td><strong>ESPOIRS HOMMES<\/strong><\/td><\/tr><tr><td>1. D&rsquo;HARVENG Yves<br \/>2. MARCHAL Gilles<br \/>3. AERTS Axel<\/td><td><strong>1. D&rsquo;HARVENG Nicolas<\/strong><br \/>2. MAJNIOUI Ahmed<br \/>3. POCHET Alexandre<\/td><td>1. VANDERBECK Yves<br \/>2. LOMBART Fr\u00e9d\u00e9ric<br \/>3. NOUAMANI Mohamed<\/td><td>1. SIMONET Bernard<br \/>2. RIVEZ Pierre<br \/>3. WOOLF Alain<\/td><td>1. GIOVANNANGELO Alain<br \/>2. WYNS Jos<br \/>3. CANIVET Roland<\/td><td>1.MESSAOUDI Rayan<\/td><\/tr><tr><td><strong>DAMES<\/strong><\/td><td><strong>AINEES 1<\/strong><\/td><td><strong>AINEES 2<\/strong><\/td><td><strong>AINEES 3<\/strong><\/td><td><strong>AINEES 4<\/strong><\/td><td><strong>ESPOIRS FILLES<\/strong><\/td><\/tr><tr><td>1. CUPERS Doroth\u00e9e<br \/>2. VANDERLINDEN Julie<br \/>3. MONTANTE Sabrina<\/td><td><strong>1. CAWET Daphn\u00e9<\/strong><br \/>2. VANDRIESSCHE Caroline<br \/>3. HEIREMANS Katleen<\/td><td>1.\u00a0DESILLE Nicole<br \/>2. PIRSON Florence<br \/>3. JOLY VAUDOISEY Anne<\/td><td>1. ALEXANDRE Fran\u00e7oise<br \/>2. DEMOULIN Brigitte<br \/>3. MIDDEL Ine<\/td><td>1. MARGUINIO Danielle<br \/>2. VILAIN Christine<br \/>3. URBAIN Ginette<\/td><td>\u00a0<\/td><\/tr><\/tbody><\/table><p>\u00a0<\/p><table style=\"width: 100%; border-collapse: collapse; font-family: Arial, sans-serif;\"><thead><tr><th style=\"background-color: orange; color: white; padding: 12px; font-size: 1.1em; text-align: center;\" colspan=\"6\">2022 Challenge Vainqueur homme : EL METOUI Abdeslam &#8211; Vainqueur Femme : CUPERS Doroth\u00e9e<\/th><\/tr><tr style=\"background-color: #f2f2f2;\"><th>SENIORS<\/th><th>VETERANS 1<\/th><th>VETERANS 2<\/th><th>VETERANS 3<\/th><th>VETERANS 4<\/th><th>ESPOIRS HOMMES<\/th><\/tr><\/thead><tbody><tr><td><strong>1. EL METOUI Abdeslam<\/strong><br \/>2. NAVET Nicolas<br \/>3. CELLIER Alexandre<\/td><td>1. POCHET Alexandre<br \/>2. VAN WYNENDAELE Dimitry<br \/>3. BRUYERE Patrick<\/td><td>1. VANDERBECK Yves<br \/>2. NOUAMANI Mohammed<br \/>3. LOMBART Fr\u00e9d\u00e9ric<\/td><td>1. RIVEZ Pierre<br \/>2. CULLOP Paul<br \/>3. WOOLF Alain<\/td><td>1. GIOVANNANGELO Alain<br \/>2. WYNS Jos<br \/>3. CANIVET Roland<\/td><td>\u00a0<\/td><\/tr><tr style=\"background-color: #f2f2f2;\"><th>DAMES<\/th><th>AINEES 1<\/th><th>AINEES 2<\/th><th>AINEES 3<\/th><th>AINEES 4<\/th><th>ESPOIRS FILLES<\/th><\/tr><tr><td><strong>1. CUPERS Doroth\u00e9e<\/strong><br \/>2. KETELE Coralie<br \/>3. BOURGUET Audrey<\/td><td>1. VANDERZWALMEN Sabine<br \/>2. THIRY Marie<br \/>3. HEIREMANS Katleen<\/td><td>1. DESILLE Nicole<br \/>2. PIRSON Florence<br \/>3. JOLY VAUDOISEY Anne<\/td><td>1. DEMOULIN Brigitte<br \/>2. MIDDEL Ine<br \/>3. CHABEAU Vinciane<\/td><td>1. VILAIN Christiane<br \/>2. URBAIN Ginette<br \/>3. SEGHERS Rita<\/td><td>\u00a0<\/td><\/tr><\/tbody><\/table><table style=\"width: 100%; border-collapse: collapse; font-family: Arial, sans-serif;\"><thead><tr><th style=\"background-color: orange; color: white; padding: 12px; font-size: 1.1em; text-align: center;\" colspan=\"6\">2021 Challenge Virtuel \u2013 Vainqueur Homme : MARCHAL Gilles \u2013 Vainqueur Femme : RENCKENS An<\/th><\/tr><tr style=\"background-color: #f2f2f2;\"><th>SENIORS<\/th><th>VETERANS 1<\/th><th>VETERANS 2<\/th><th>VETERANS 3<\/th><th>VETERANS 4<\/th><th>ESPOIRS HOMMES<\/th><\/tr><\/thead><tbody><tr><td><strong>1. MARCHAL Gilles<\/strong><br \/>2. RATINCKX Jean-Philippe<br \/>3. GALERIN Denis<\/td><td>1. DEMUYT Rapha\u00ebl<br \/>2. MARTINEAU Philippe<br \/>3. CHARLES Christophe<\/td><td>1. WIART Yves<br \/>2. LOMBART Fr\u00e9d\u00e9ric<br \/>3. VANDERBECK Yves<\/td><td>1. DERAVET Bernard<br \/>2. CULLOP Paul<br \/>3. VROMMAN Thierry<\/td><td>1. FERAUCHE Jean-Marie<br \/>2. LE CHARLIER Baudouin<br \/>3. CANIVET Roland<\/td><td>1. DE GREEF Benjamin<br \/>2. DE GREEF J\u00e9r\u00e9my<\/td><\/tr><tr style=\"background-color: #f2f2f2;\"><th>DAMES<\/th><th>AINEES 1<\/th><th>AINEES 2<\/th><th>AINEES 3<\/th><th>AINEES 4<\/th><th>ESPOIRS FILLES<\/th><\/tr><tr><td>1. VANDRIESSCHE Caroline<br \/>2. KETELE Coralie<br \/>3. GILAIN Morgan<\/td><td><strong>1. RENCKENS An<\/strong><br \/>2. CAWET Daphn\u00e9<br \/>3. PIRSON Florence<\/td><td>1. DESILLE Nicole<br \/>2. MUNAUT Carine<br \/>3. GERARDIN B\u00e9atrice<\/td><td>1. DEMOULIN Brigitte<br \/>2. CHABEAU Vinciane<br \/>3. VASCONCELLOS Claudia<\/td><td>1. GEVENOIS Marie-Rose<\/td><td>\u00a0<\/td><\/tr><\/tbody><\/table><table style=\"width: 100%; border-collapse: collapse; font-family: Arial, sans-serif;\"><thead><tr><th style=\"background-color: orange; color: white; padding: 12px; font-size: 1.1em; text-align: center;\" colspan=\"6\">2019 \u2013 Vainqueur Homme : DETHIER Julien \u2013 Vainqueur Femme : DESILLE Nicole<\/th><\/tr><tr style=\"background-color: #f2f2f2;\"><th>SENIORS<\/th><th>VETERANS 1<\/th><th>VETERANS 2<\/th><th>VETERANS 3<\/th><th>VETERANS 4<\/th><th>ESPOIRS HOMMES<\/th><\/tr><\/thead><tbody><tr><td><strong>1. DETHIER Julien<\/strong><br \/>2. MARCHAL Gilles<br \/>3. GALERIN Denis<\/td><td>1. POCHET Alexandre<br \/>2. PONCELET Xavier<br \/>3. BRUYERE Patrick<\/td><td>1. VANDERBECK Yves<br \/>2. LOMBART Fr\u00e9d\u00e9ric<br \/>3. CAVYN Jean-Philippe<\/td><td>1. RIVEZ Pierre<br \/>2. BULTOT Christian<br \/>3. HENRY Robert<\/td><td>1. CANIVET Roland<br \/>2. FERAUCHE Jean-Marie<br \/>3. BOURSIE Joseph<\/td><td>1. WOODWARD Logan<\/td><\/tr><tr style=\"background-color: #f2f2f2;\"><th>DAMES<\/th><th>AINEES 1<\/th><th>AINEES 2<\/th><th>AINEES 3<\/th><th>AINEES 4<\/th><th>ESPOIRS FILLES<\/th><\/tr><tr><td>1. DEBONI Malorie<br \/>2. VANDRIESSCHE Caroline<br \/>3. GREGOIRE Aude<\/td><td>1. BINJE Val\u00e9rie<br \/>2. KLEMENCIC SCHMIDT Nastja<br \/>3. CUISENAIRE Kathleen<\/td><td><strong>1. DESILLE Nicole<\/strong><br \/>2. WOUTERS Catherine<br \/>3. CORDIER Christine<\/td><td>1. ALEXANDRE Fran\u00e7oise<br \/>2. DOUDELET Brigitte<br \/>3. MIDDEL Ine<\/td><td>1. VILAIN Christiane<br \/>2. SEGHERS Rita<\/td><td>\u00a0<\/td><\/tr><\/tbody><\/table><table style=\"width: 100%; border-collapse: collapse; font-family: Arial, sans-serif;\"><thead><tr><th style=\"background-color: orange; color: white; padding: 12px; font-size: 1.1em; text-align: center;\" colspan=\"6\">2018 \u2013 Vainqueur Homme : MOTTOUL Vincent \u2013 Vainqueur Femme : CUPERS Doroth\u00e9e<\/th><\/tr><tr style=\"background-color: #f2f2f2;\"><th>SENIORS<\/th><th>VETERANS 1<\/th><th>VETERANS 2<\/th><th>VETERANS 3<\/th><th>VETERANS 4<\/th><th>ESPOIRS HOMMES<\/th><\/tr><\/thead><tbody><tr><td>1. RAEMACKERS C\u00e9dric<br \/>2. NAVET Nicolas<br \/>3. LOQUET Thomas<\/td><td><strong>1. MOTTOUL Vincent<\/strong><br \/>2. MOUCHET St\u00e9phane<br \/>3. CHENUT S\u00e9bastien<\/td><td>1. VANDERBECK Yves<br \/>2. CAPELLE Christian<br \/>3. LOMBART Fr\u00e9d\u00e9ric<\/td><td>1. RIVEZ Pierre<br \/>2. BULTOT Christian<br \/>3. VRANCKEN Marc<\/td><td>1. CANIVET Roland<br \/>2. LEVACQ Guy<br \/>3. HENDRIX Daniel<\/td><td>1. WOODWARD Logan<\/td><\/tr><tr style=\"background-color: #f2f2f2;\"><th>DAMES<\/th><th>AINEES 1<\/th><th>AINEES 2<\/th><th>AINEES 3<\/th><th>AINEES 4<\/th><th>ESPOIRS FILLES<\/th><\/tr><tr><td><strong>1. CUPERS Doroth\u00e9e<\/strong><br \/>2. DEBONI Malorie<br \/>3. HAULAIT Sandra<\/td><td>1. GERARDIN B\u00e9atrice<br \/>2. ROBERTI Daphn\u00e9<br \/>3. KLEMENCIC SCHMIDT Nastja<\/td><td>1. DESILLE Nicole<br \/>2. BUZIN Donatienne<br \/>3. JOLY VAUDOISEY Anne<\/td><td>1. MIDDEL Ine<br \/>2. ALEXANDRE Fran\u00e7oise<br \/>3. BIRIS Sylvianne<br \/>3. DOUDELET Brigitte<\/td><td>1. VILAIN Christiane<br \/>2. SEGHERS Rita<\/td><td>1. GODFROID Yael<br \/>2. DEPUTTER Elise<\/td><\/tr><\/tbody><\/table><table style=\"width: 100%; border-collapse: collapse; font-family: Arial, sans-serif;\"><thead><tr><th style=\"background-color: orange; color: white; padding: 12px; font-size: 1.1em; text-align: center;\" colspan=\"6\">2017 \u2013 Vainqueur Homme : PAQUES Beno\u00eet \u2013 Vainqueur Femme : LEROY Val\u00e9rie<\/th><\/tr><tr style=\"background-color: #f2f2f2;\"><th>SENIORS<\/th><th>VETERANS 1<\/th><th>VETERANS 2<\/th><th>VETERANS 3<\/th><th>VETERANS 4<\/th><th>ESPOIRS HOMMES<\/th><\/tr><\/thead><tbody><tr><td><strong>1. PAQUES Beno\u00eet<\/strong><br \/>2. STROLLO Sergio<br \/>3. OUMAROU Yahaya<\/td><td>1. MOUCHET St\u00e9phane<br \/>2. VAN DEN ABEELE S\u00e9bastian<br \/>3. DELCHAMBRE Frederic<\/td><td>1. CAPELLE Christian<br \/>2. VANDERSTRAETEN Patrick<br \/>3. PAQUES Thierry<\/td><td>1. RIVEZ Pierre<br \/>2. MATHY Dominique<br \/>3. MAILIER Christian<\/td><td>1. CANIVET Roland<br \/>2. LEVACQ Guy<br \/>3. WEYNAND Helmut<\/td><td>1. WOODWARD Logan<br \/>2. SHARIFI Abdullah<\/td><\/tr><tr style=\"background-color: #f2f2f2;\"><th>DAMES<\/th><th>AINEES 1<\/th><th>AINEES 2<\/th><th>AINEES 3<\/th><th>AINEES 4<\/th><th>ESPOIRS FILLES<\/th><\/tr><tr><td>1. DEBONI Malorie<br \/>2. LORIAUX Emilie<br \/>3. GODFROID Lucie<\/td><td><strong>1. LEROY Val\u00e9rie<\/strong><br \/>2. GERARDIN B\u00e9atrice<br \/>3. SEMLALI Za\u00efna<\/td><td>1. DESILLE Nicole<br \/>2. JOLY VAUDOISEY Anne<br \/>3. DEMOULIN Brigitte<\/td><td>1. ALEXANDRE Fran\u00e7oise<br \/>2. URBAIN Ginette<br \/>3. SCHELDEWAERT Gilberte<\/td><td>1. VILAIN Christiane<br \/>2. SEGHERS Rita<\/td><td>1. GODFROID Yael<\/td><\/tr><\/tbody><\/table><table style=\"width: 100%; border-collapse: collapse; font-family: Arial, sans-serif;\"><thead><tr><th style=\"background-color: orange; color: white; padding: 12px; font-size: 1.1em; text-align: center;\" colspan=\"6\">2016 \u2013 Vainqueur Homme : DIAZ RODRIGUEZ Alexander \u2013 Vainqueur Femme : VANDROOGENBROECK Virginie<\/th><\/tr><tr style=\"background-color: #f2f2f2;\"><th>SENIORS<\/th><th>VETERANS 1<\/th><th>VETERANS 2<\/th><th>VETERANS 3<\/th><th>VETERANS 4<\/th><th>ESPOIRS HOMMES<\/th><\/tr><\/thead><tbody><tr><td><strong>1. DIAZ RODRIGUEZ Alexander<\/strong><br \/>2. PAQUES Beno\u00eet<br \/>3. OUMAROU Yahaya<\/td><td>1. PHILIPPE J\u00e9r\u00f4me<br \/>2. VAN DEN ABEELE S\u00e9bastian<br \/>3. BOSSANT Jean-Fran\u00e7ois<\/td><td>1. PAQUES Thierry<br \/>2. PACQUET Dominique<br \/>3. DENIS Patrick<\/td><td>1. BELMILOUD Mohamed<br \/>2. MAILIER Christian<br \/>3. VAN NEVEL Frans<\/td><td>1. LEVACQ Guy<br \/>2. WEYNAND Helmut<br \/>3. DOSSERAY Roger<\/td><td>1. JONNIAUX Lucas<\/td><\/tr><tr style=\"background-color: #f2f2f2;\"><th>DAMES<\/th><th>AINEES 1<\/th><th>AINEES 2<\/th><th>AINEES 3<\/th><th>AINEES 4<\/th><th>ESPOIRS FILLES<\/th><\/tr><tr><td>1. VAN DER ZWALMEN Sabine<br \/>2. FOURGEAU Sophie<br \/>3. DEBONI Malorie<\/td><td><strong>1. VANDROOGENBROECK Virginie<\/strong><br \/>2. DESILLE Nicole<br \/>3. DUTRANNOIT V\u00e9ronique<\/td><td>1. CORDIER Christine<br \/>2. DE WOOT Antoinette<br \/>3. BERGHEZAN Marie-Christine<\/td><td>1. ALEXANDRE Fran\u00e7oise<br \/>2. URBAIN Ginette<br \/>3. SCHELDEWAERT Gilberte<\/td><td>\u00a0<\/td><td>1. GODFROID Yael<\/td><\/tr><\/tbody><\/table><table style=\"width: 100%; border-collapse: collapse; font-family: Arial, sans-serif;\"><thead><tr><th style=\"background-color: orange; color: white; padding: 12px; font-size: 1.1em; text-align: center;\" colspan=\"6\">2015 \u2013 Vainqueur Homme : LOQUET Thomas \u2013 Vainqueur Femme : FROMENT Sabine<\/th><\/tr><tr style=\"background-color: #f2f2f2;\"><th>SENIORS<\/th><th>VETERANS 1<\/th><th>VETERANS 2<\/th><th>VETERANS 3<\/th><th>VETERANS 4<\/th><th>ESPOIRS HOMMES<\/th><\/tr><\/thead><tbody><tr><td><strong>1. LOQUET Thomas<\/strong><br \/>2. OUMAROU Yahaya<br \/>3. ROELS Jonas<\/td><td>1. DUTRIFOYS Alexandre<br \/>2. VAN DEN ABEELE S\u00e9bastian<br \/>3. ORVAL Alain<\/td><td>1. COLSON St\u00e9phane<br \/>2. SANCHEZ POSADA Luis<br \/>3. VAN DEN BERGH Alain<\/td><td>1. VAN NEVEL Frans<br \/>2. GIOVANNANGELO Alain<br \/>3. VAN DEN BROECK Rapha\u00ebl<\/td><td>1. WEYNAND Helmut<br \/>2. MUYTJENS Ren\u00e9<br \/>3. MAURO Calogero<\/td><td>1. WISEUR Alexis<br \/>2. DEVIS Luigi<\/td><\/tr><tr style=\"background-color: #f2f2f2;\"><th>DAMES<\/th><th>AINEES 1<\/th><th>AINEES 2<\/th><th>AINEES 3<\/th><th>AINEES 4<\/th><th>ESPOIRS FILLES<\/th><\/tr><tr><td>1. VAN DER ZWALMEN Sabine<br \/>2. THIRY Marie<br \/>3. DEBONI Malorie<\/td><td><strong>1. FROMENT Sabine<\/strong><br \/>2. LEROY Val\u00e9rie<br \/>3. WIGNY Sabine<\/td><td>1. DE WOOT Antoinette<br \/>2. OLIX Cheila<br \/>3. DEMOULIN Brigitte<\/td><td>1. ALEXANDRE Fran\u00e7oise<br \/>2. URBAIN Ginette<br \/>3. MARGUINIO Danielle<\/td><td>1. DAENENS Brigitte<br \/>2. LEGRAND Josette<\/td><td>1. GODFROID Lucie<\/td><\/tr><\/tbody><\/table><table style=\"width: 100%; border-collapse: collapse; font-family: Arial, sans-serif;\"><thead><tr><th style=\"background-color: orange; color: white; padding: 12px; font-size: 1.1em; text-align: center;\" colspan=\"6\">2014 \u2013 Vainqueur Homme : MAHIA S\u00e9bastien \u2013 Vainqueur Femme : FROMENT Sabine<\/th><\/tr><tr style=\"background-color: #f2f2f2;\"><th>SENIORS<\/th><th>VETERANS 1<\/th><th>VETERANS 2<\/th><th>VETERANS 3<\/th><th>VETERANS 4<\/th><th>ESPOIRS HOMMES<\/th><\/tr><\/thead><tbody><tr><td><strong>1. MAHIA S\u00e9bastien<\/strong><br \/>2. OUMAROU Yahaya<br \/>3. DEVEYRMAN Didier<\/td><td>1. VANDERBECK Yves<br \/>2. VAN DEN ABEELE S\u00e9bastian<br \/>3. DOS SANTOS NEIVA Sergio<\/td><td>1. VANDERSTRAETEN Patrick<br \/>2. RECKER Marcel<br \/>3. SANCHEZ POSADA Luis<\/td><td>1. BELMILOUD Mohamed<br \/>2. VAN NEVEL Frans<br \/>3. TENRET Daniel<\/td><td>1. WEYNAND Helmut<br \/>2. COLPAERT Guido<br \/>3. PEETERS Herman<\/td><td>1. PIERRE Benjamin<br \/>2. DE GRAVE Maxime<br \/>3. PIERRE Corentin<\/td><\/tr><tr style=\"background-color: #f2f2f2;\"><th>DAMES<\/th><th>AINEES 1<\/th><th>AINEES 2<\/th><th>AINEES 3<\/th><th>AINEES 4<\/th><th>ESPOIRS FILLES<\/th><\/tr><tr><td><strong>1. FROMENT Sabine<\/strong><br \/>2. DELDIQUE Louise<br \/>3. VAN DER ZWALMEN Sabine<\/td><td>1. ANDRES Gaby<br \/>2. LEROY Val\u00e9rie<br \/>3. LEROY Fabienne<\/td><td>1. BORN Margot<br \/>2. OLIX Cheila<br \/>3. DEMOULIN Brigitte<\/td><td>1. MARGUINIO Danielle<br \/>2. URBAIN Ginette<br \/>3. GEVENOIS Marie-Rose<\/td><td>1. LEGRAND Josette<\/td><td>1. GODFROID Lucie<br \/>2. MASSART Maryn<\/td><\/tr><\/tbody><\/table><table style=\"width: 100%; border-collapse: collapse; font-family: Arial, sans-serif;\"><thead><tr><th style=\"background-color: orange; color: white; padding: 12px; font-size: 1.1em; text-align: center;\" colspan=\"6\">2013 \u2013 Vainqueur Homme : VANDERSTRAETEN Patrick \u2013 Vainqueur Femme : FROMENT Sabine<\/th><\/tr><tr style=\"background-color: #f2f2f2;\"><th>SENIORS<\/th><th>VETERANS 1<\/th><th>VETERANS 2<\/th><th>VETERANS 3<\/th><th>VETERANS 4<\/th><th>ESPOIRS HOMMES<\/th><\/tr><\/thead><tbody><tr><td>1. BOURGEOIS S\u00e9bastien<br \/>2. DEBASTE Fr\u00e9d\u00e9ric<br \/>3. BONNET Arnaud<\/td><td><strong>1. VANDERSTRAETEN Patrick<\/strong><br \/>2. VANDERBECK Yves<br \/>3. VAN DEN ABEELE S\u00e9bastian<\/td><td>1. SANCHEZ POSADA Luis<br \/>2. PAULUS Philippe<br \/>3. BULTOT Christian<\/td><td>1. IGO Roger<br \/>2. BELMILOUD Mohamed<br \/>3. VAN DER LINDEN Paul<\/td><td>1. PEETERS Herman<br \/>2. MAURO Calogero<br \/>3. DE MEES Marc<\/td><td>1. SOMERS Micha\u00ebl<\/td><\/tr><tr style=\"background-color: #f2f2f2;\"><th>DAMES<\/th><th>AINEES 1<\/th><th>AINEES 2<\/th><th>AINEES 3<\/th><th>AINEES 4<\/th><th>ESPOIRS FILLES<\/th><\/tr><tr><td><strong>1. FROMENT Sabine<\/strong><br \/>2. DELDIQUE Louise<br \/>3. VAN DER ZWALMEN Sabine<\/td><td>1. ANDRES Gaby<br \/>2. JOLY VAUDOISEY Anne<br \/>3. MOREAU Michele<\/td><td>1. DEMOULIN Brigitte<br \/>2. SETAN Patricia<br \/>3. OLIX Cheila<\/td><td>1. MARGUINIO Danielle<br \/>2. URBAIN Ginette<br \/>3. GEVENOIS M.Rose<\/td><td>1. LEGRAND Josette<\/td><td>1. CHALON Justine<br \/>2. HENRY Manon<br \/>3. CHARLIER Isaline<\/td><\/tr><\/tbody><\/table><p>\u00a0<\/p>\t\t\t\t\t\t\t\t<\/div>\n\t\t\t\t\t<\/div>\n\t\t\t\t<\/div>\n\t\t\t\t<\/div>\n\t\t","protected":false},"excerpt":{"rendered":"<p>2025 Challenge : Vainqueur Homme: PAUL Romain &#8211; Vainqueur Femme: DASSY H\u00e9l\u00e8ne Seniors V\u00e9t\u00e9rans 1 V\u00e9t\u00e9rans 2 V\u00e9t\u00e9rans 3 V\u00e9t\u00e9rans 4 Espoirs Hommes 1. PAUL Romain2. LIBERT Damien3. MARCHAL Gilles 1. DUJACQUIER Gr\u00e9gory2. BONNIER Vincent3. DUPUIS Laurent 1. VANDERBECK Yves2. LOMBART Fr\u00e9d\u00e9ric3. WASTIAUX Olivier 1. COVOLAN Sergio2. HAINAUT Bruno3. PACQUET Dominique 1. RICHARD Andr\u00e92. GIOVANNANGELO [&hellip;]<\/p>\n","protected":false},"author":1,"featured_media":0,"parent":0,"menu_order":0,"comment_status":"closed","ping_status":"closed","template":"","meta":{"footnotes":""},"class_list":["post-8842","page","type-page","status-publish","hentry"],"_links":{"self":[{"href":"https:\/\/challenge-delhalle.be\/index.php\/wp-json\/wp\/v2\/pages\/8842","targetHints":{"allow":["GET"]}}],"collection":[{"href":"https:\/\/challenge-delhalle.be\/index.php\/wp-json\/wp\/v2\/pages"}],"about":[{"href":"https:\/\/challenge-delhalle.be\/index.php\/wp-json\/wp\/v2\/types\/page"}],"author":[{"embeddable":true,"href":"https:\/\/challenge-delhalle.be\/index.php\/wp-json\/wp\/v2\/users\/1"}],"replies":[{"embeddable":true,"href":"https:\/\/challenge-delhalle.be\/index.php\/wp-json\/wp\/v2\/comments?post=8842"}],"version-history":[{"count":34,"href":"https:\/\/challenge-delhalle.be\/index.php\/wp-json\/wp\/v2\/pages\/8842\/revisions"}],"predecessor-version":[{"id":9279,"href":"https:\/\/challenge-delhalle.be\/index.php\/wp-json\/wp\/v2\/pages\/8842\/revisions\/9279"}],"wp:attachment":[{"href":"https:\/\/challenge-delhalle.be\/index.php\/wp-json\/wp\/v2\/media?parent=8842"}],"curies":[{"name":"wp","href":"https:\/\/api.w.org\/{rel}","templated":true}]}}